{"id":8,"date":"2015-09-15T23:47:02","date_gmt":"2015-09-15T21:47:02","guid":{"rendered":"http:\/\/www.kvg-dorsten.de\/dorstener-tafel\/wordpress\/?page_id=8"},"modified":"2024-12-16T13:10:08","modified_gmt":"2024-12-16T12:10:08","slug":"dorstener-laden","status":"publish","type":"page","link":"https:\/\/www.dorstener-tafel.de\/?page_id=8","title":{"rendered":"Dorstener Laden"},"content":{"rendered":"<div id=\"pl-8\"  class=\"panel-layout\" ><div id=\"pg-8-0\"  class=\"panel-grid panel-no-style\" ><div id=\"pgc-8-0-0\"  class=\"panel-grid-cell\" ><div id=\"panel-8-0-0-0\" class=\"so-panel widget widget_sow-editor panel-first-child panel-last-child\" data-index=\"0\" ><div\n\t\t\t\n\t\t\tclass=\"so-widget-sow-editor so-widget-sow-editor-base\"\n\t\t\t\n\t\t>\n<div class=\"siteorigin-widget-tinymce textwidget\">\n\t<p>Seit dem 1. Oktober 2003 gibt es den <strong>Dorstener Laden<\/strong>. Gesch\u00e4fte und Firmen (siehe unten) spenden uns kostenlos Lebensmittel, die kurz vor Ablauf des\u00a0Mindesthaltbarkeitsdatums (MHD) stehen.<br \/>\nDiese Waren werden von unseren ehrenamtlichen Mitarbeitern abgeholt, aufbereitet und an die Kunden gegeben.<\/p>\n<p>&nbsp;<\/p>\n<\/div>\n<\/div><\/div><\/div><\/div><div id=\"pg-8-1\"  class=\"panel-grid panel-no-style\" ><div id=\"pgc-8-1-0\"  class=\"panel-grid-cell\" ><div id=\"panel-8-1-0-0\" class=\"so-panel widget widget_sow-editor panel-first-child panel-last-child\" data-index=\"1\" ><div\n\t\t\t\n\t\t\tclass=\"so-widget-sow-editor so-widget-sow-editor-base\"\n\t\t\t\n\t\t><h3 class=\"widget-title\">Montags-Gruppe<\/h3>\n<div class=\"siteorigin-widget-tinymce textwidget\">\n\t<p><a href=\"https:\/\/www.kvg-dorsten.de\/dorstener-tafel\/wordpress\/wp-content\/uploads\/2024\/10\/Montag-IMG_4785-scaled.jpg\"><img loading=\"lazy\" decoding=\"async\" class=\"alignnone size-medium wp-image-2622\" src=\"https:\/\/www.kvg-dorsten.de\/dorstener-tafel\/wordpress\/wp-content\/uploads\/2024\/10\/Montag-IMG_4785-300x225.jpg\" alt=\"\" width=\"300\" height=\"225\" srcset=\"https:\/\/www.kvg-dorsten.de\/dorstener-tafel\/wordpress\/wp-content\/uploads\/2024\/10\/Montag-IMG_4785-300x225.jpg 300w, https:\/\/www.kvg-dorsten.de\/dorstener-tafel\/wordpress\/wp-content\/uploads\/2024\/10\/Montag-IMG_4785-1024x768.jpg 1024w, https:\/\/www.kvg-dorsten.de\/dorstener-tafel\/wordpress\/wp-content\/uploads\/2024\/10\/Montag-IMG_4785-768x576.jpg 768w, https:\/\/www.kvg-dorsten.de\/dorstener-tafel\/wordpress\/wp-content\/uploads\/2024\/10\/Montag-IMG_4785-1536x1152.jpg 1536w, https:\/\/www.kvg-dorsten.de\/dorstener-tafel\/wordpress\/wp-content\/uploads\/2024\/10\/Montag-IMG_4785-2048x1536.jpg 2048w\" sizes=\"auto, (max-width: 300px) 100vw, 300px\" \/><\/a><\/p>\n<\/div>\n<\/div><\/div><\/div><div id=\"pgc-8-1-1\"  class=\"panel-grid-cell\" ><div id=\"panel-8-1-1-0\" class=\"so-panel widget widget_sow-editor panel-first-child panel-last-child\" data-index=\"2\" ><div\n\t\t\t\n\t\t\tclass=\"so-widget-sow-editor so-widget-sow-editor-base\"\n\t\t\t\n\t\t><h3 class=\"widget-title\">Mittwochs-Gruppe<\/h3>\n<div class=\"siteorigin-widget-tinymce textwidget\">\n\t<p><a href=\"https:\/\/www.kvg-dorsten.de\/dorstener-tafel\/wordpress\/wp-content\/uploads\/2024\/10\/WhatsApp-Image-2024-10-10-at-10.41.41-Mittwoch.jpeg\"><img loading=\"lazy\" decoding=\"async\" class=\"alignnone size-medium wp-image-2619\" src=\"https:\/\/www.kvg-dorsten.de\/dorstener-tafel\/wordpress\/wp-content\/uploads\/2024\/10\/WhatsApp-Image-2024-10-10-at-10.41.41-Mittwoch-300x225.jpeg\" alt=\"\" width=\"300\" height=\"225\" srcset=\"https:\/\/www.kvg-dorsten.de\/dorstener-tafel\/wordpress\/wp-content\/uploads\/2024\/10\/WhatsApp-Image-2024-10-10-at-10.41.41-Mittwoch-300x225.jpeg 300w, https:\/\/www.kvg-dorsten.de\/dorstener-tafel\/wordpress\/wp-content\/uploads\/2024\/10\/WhatsApp-Image-2024-10-10-at-10.41.41-Mittwoch-1024x768.jpeg 1024w, https:\/\/www.kvg-dorsten.de\/dorstener-tafel\/wordpress\/wp-content\/uploads\/2024\/10\/WhatsApp-Image-2024-10-10-at-10.41.41-Mittwoch-768x576.jpeg 768w, https:\/\/www.kvg-dorsten.de\/dorstener-tafel\/wordpress\/wp-content\/uploads\/2024\/10\/WhatsApp-Image-2024-10-10-at-10.41.41-Mittwoch-1536x1152.jpeg 1536w, https:\/\/www.kvg-dorsten.de\/dorstener-tafel\/wordpress\/wp-content\/uploads\/2024\/10\/WhatsApp-Image-2024-10-10-at-10.41.41-Mittwoch.jpeg 1600w\" sizes=\"auto, (max-width: 300px) 100vw, 300px\" \/><\/a><\/p>\n<\/div>\n<\/div><\/div><\/div><div id=\"pgc-8-1-2\"  class=\"panel-grid-cell\" ><div id=\"panel-8-1-2-0\" class=\"so-panel widget widget_sow-editor panel-first-child panel-last-child\" data-index=\"3\" ><div\n\t\t\t\n\t\t\tclass=\"so-widget-sow-editor so-widget-sow-editor-base\"\n\t\t\t\n\t\t><h3 class=\"widget-title\">Freitags-Gruppe<\/h3>\n<div class=\"siteorigin-widget-tinymce textwidget\">\n\t<p><a href=\"https:\/\/www.kvg-dorsten.de\/dorstener-tafel\/wordpress\/wp-content\/uploads\/2024\/10\/Freitag-WhatsApp-Image-2024-08-30-at-19.40.13.jpeg\"><img loading=\"lazy\" decoding=\"async\" class=\"alignnone size-medium wp-image-2623\" src=\"https:\/\/www.kvg-dorsten.de\/dorstener-tafel\/wordpress\/wp-content\/uploads\/2024\/10\/Freitag-WhatsApp-Image-2024-08-30-at-19.40.13-300x225.jpeg\" alt=\"\" width=\"300\" height=\"225\" srcset=\"https:\/\/www.kvg-dorsten.de\/dorstener-tafel\/wordpress\/wp-content\/uploads\/2024\/10\/Freitag-WhatsApp-Image-2024-08-30-at-19.40.13-300x225.jpeg 300w, https:\/\/www.kvg-dorsten.de\/dorstener-tafel\/wordpress\/wp-content\/uploads\/2024\/10\/Freitag-WhatsApp-Image-2024-08-30-at-19.40.13-1024x768.jpeg 1024w, https:\/\/www.kvg-dorsten.de\/dorstener-tafel\/wordpress\/wp-content\/uploads\/2024\/10\/Freitag-WhatsApp-Image-2024-08-30-at-19.40.13-768x576.jpeg 768w, https:\/\/www.kvg-dorsten.de\/dorstener-tafel\/wordpress\/wp-content\/uploads\/2024\/10\/Freitag-WhatsApp-Image-2024-08-30-at-19.40.13-1536x1152.jpeg 1536w, https:\/\/www.kvg-dorsten.de\/dorstener-tafel\/wordpress\/wp-content\/uploads\/2024\/10\/Freitag-WhatsApp-Image-2024-08-30-at-19.40.13.jpeg 1600w\" sizes=\"auto, (max-width: 300px) 100vw, 300px\" \/><\/a><\/p>\n<\/div>\n<\/div><\/div><\/div><\/div><div id=\"pg-8-2\"  class=\"panel-grid panel-no-style\" ><div id=\"pgc-8-2-0\"  class=\"panel-grid-cell\" ><div id=\"panel-8-2-0-0\" class=\"so-panel widget widget_sow-editor panel-first-child panel-last-child\" data-index=\"4\" ><div\n\t\t\t\n\t\t\tclass=\"so-widget-sow-editor so-widget-sow-editor-base\"\n\t\t\t\n\t\t>\n<div class=\"siteorigin-widget-tinymce textwidget\">\n\t<p><b>An wen richten sich die Angebote?<\/b><\/p>\n<p>Unsere Angebote richten sich an Dorstener B\u00fcrgerinnen und B\u00fcrger mit geringem Einkommen. Alle berechtigten Personen erhalten einen entsprechenden Ausweis. Als Einkommensgrenze werden die Betr\u00e4ge zugrunde gelegt, die auch f\u00fcr die Aush\u00e4ndigung des \u201eDorsten-Passes\u201c gelten, d.h. die Inhaber eines \u201eDorsten-Passes\u201c erhalten automatisch einen Ausweis.<\/p>\n<p>Der \u201eDorsten-Pass\u201c kann beim zust\u00e4ndigen Mitarbeiter des Sozialamtes oder im B\u00fcrgerb\u00fcro des Rathauses beantragt werden.<\/p>\n<p align=\"center\"><strong><u>\u00d6ffnungszeiten<\/u><\/strong><b><u>:<\/u><\/b><\/p>\n<p align=\"center\">Dorstener Laden<\/p>\n<p align=\"center\">Montag: 15:00-17:00 Uhr<br \/>\nMittwoch: 15:00-17:00 Uhr<br \/>\nFreitag: 15:00-17:00 Uhr<\/p>\n<p align=\"center\">\u00a0Alleestrasse 17<br \/>\n46282 Dorsten<\/p>\n<p align=\"center\"><strong>Kontakt:<br \/>\n<\/strong>0 23 62 \/ 99 89 430<br \/>\nE-Mail: post@dorstener-tafel.de<\/p>\n<p><strong>Unsere Lebensmittelspender (Stand M\u00e4rz 2018),<br \/>\ndenen wir von Herzen danken!<\/strong><\/p>\n<ul>\n<li>Aldi-Nord - alle Dorstener M\u00e4rkte<\/li>\n<li>Biohof Deiters<\/li>\n<li>Edeka-Honsel - alle M\u00e4rkte<\/li>\n<li>B\u00e4ckerei Heine - Rhade<\/li>\n<li>Imping - Dorsten<\/li>\n<li>Landb\u00e4ckerei - D\u00fclmener Stra\u00dfe<\/li>\n<li>Lidl - alle Dorstener M\u00e4rkte<\/li>\n<li>Penny - beide Dorstener M\u00e4rkte<\/li>\n<li>Drogerie \u00a0Rossmann - alle Dorstener Filialen<\/li>\n<li>B\u00e4ckerei Schult - Dorsten<\/li>\n<li>B\u00e4ckerei Spangemacher - Dorsten, Lembeck<\/li>\n<\/ul>\n<p><img loading=\"lazy\" decoding=\"async\" class=\"wp-image-507 size-full alignright\" src=\"http:\/\/www.kvg-dorsten.de\/dorstener-tafel\/wordpress\/wp-content\/uploads\/2015\/09\/DSC01600-1600.jpg\" alt=\"SONY DSC\" width=\"1600\" height=\"1071\" srcset=\"https:\/\/www.kvg-dorsten.de\/dorstener-tafel\/wordpress\/wp-content\/uploads\/2015\/09\/DSC01600-1600.jpg 1600w, https:\/\/www.kvg-dorsten.de\/dorstener-tafel\/wordpress\/wp-content\/uploads\/2015\/09\/DSC01600-1600-300x201.jpg 300w, https:\/\/www.kvg-dorsten.de\/dorstener-tafel\/wordpress\/wp-content\/uploads\/2015\/09\/DSC01600-1600-1024x685.jpg 1024w\" sizes=\"auto, (max-width: 1600px) 100vw, 1600px\" \/><\/p>\n<ul>\n<li><\/li>\n<\/ul>\n<p>(Stand: M\u00e4rz 2018)<\/p>\n<p><strong>Ganz besonders danken m\u00f6chten wir den Dorstener Sternsingern<\/strong>,<br \/>\ndie uns allj\u00e4hrlich ganz viele S\u00fc\u00dfigkeiten spenden, die sie selbst geschenkt bekamen,<\/p>\n<p><strong>und den vielen privaten Spendern<\/strong> von Kindersachen, Lebensmitteln und Getr\u00e4nken.<\/p>\n<p><a href=\"http:\/\/www.kvg-dorsten.de\/dorstener-tafel\/wordpress\/wp-content\/uploads\/2018\/01\/2018-01-11-Sternsinger-spenden-Tafel.jpg\"><img loading=\"lazy\" decoding=\"async\" class=\"alignnone size-full wp-image-1124\" src=\"http:\/\/www.kvg-dorsten.de\/dorstener-tafel\/wordpress\/wp-content\/uploads\/2018\/01\/2018-01-11-Sternsinger-spenden-Tafel.jpg\" alt=\"\" width=\"2185\" height=\"1963\" srcset=\"https:\/\/www.kvg-dorsten.de\/dorstener-tafel\/wordpress\/wp-content\/uploads\/2018\/01\/2018-01-11-Sternsinger-spenden-Tafel.jpg 2185w, https:\/\/www.kvg-dorsten.de\/dorstener-tafel\/wordpress\/wp-content\/uploads\/2018\/01\/2018-01-11-Sternsinger-spenden-Tafel-300x270.jpg 300w, https:\/\/www.kvg-dorsten.de\/dorstener-tafel\/wordpress\/wp-content\/uploads\/2018\/01\/2018-01-11-Sternsinger-spenden-Tafel-768x690.jpg 768w, https:\/\/www.kvg-dorsten.de\/dorstener-tafel\/wordpress\/wp-content\/uploads\/2018\/01\/2018-01-11-Sternsinger-spenden-Tafel-1024x920.jpg 1024w\" sizes=\"auto, (max-width: 2185px) 100vw, 2185px\" \/><\/a><\/p>\n<\/div>\n<\/div><\/div><\/div><\/div><\/div>","protected":false},"excerpt":{"rendered":"<p>Seit dem 1. Oktober 2003 gibt es den Dorstener Laden. Gesch\u00e4fte und Firmen (siehe unten) spenden uns kostenlos Lebensmittel, die [&hellip;]<\/p>\n","protected":false},"author":1,"featured_media":0,"parent":0,"menu_order":0,"comment_status":"closed","ping_status":"closed","template":"","meta":{"footnotes":""},"class_list":["post-8","page","type-page","status-publish","hentry"],"yoast_head":"<!-- This site is optimized with the Yoast SEO plugin v26.8 - https:\/\/yoast.com\/product\/yoast-seo-wordpress\/ -->\n<title>Dorstener Laden - Home | Tafel Dorsten<\/title>\n<meta name=\"robots\" content=\"index, follow, max-snippet:-1, max-image-preview:large, max-video-preview:-1\" \/>\n<link rel=\"canonical\" href=\"https:\/\/www.dorstener-tafel.de\/?page_id=8\" \/>\n<meta property=\"og:locale\" content=\"de_DE\" \/>\n<meta property=\"og:type\" content=\"article\" \/>\n<meta property=\"og:title\" content=\"Dorstener Laden - Home | Tafel Dorsten\" \/>\n<meta property=\"og:description\" content=\"Seit dem 1. Oktober 2003 gibt es den Dorstener Laden. Gesch\u00e4fte und Firmen (siehe unten) spenden uns kostenlos Lebensmittel, die [&hellip;]\" \/>\n<meta property=\"og:url\" content=\"https:\/\/www.dorstener-tafel.de\/?page_id=8\" \/>\n<meta property=\"og:site_name\" content=\"Home | Tafel Dorsten\" \/>\n<meta property=\"article:publisher\" content=\"https:\/\/www.facebook.com\/Dorstener-Tafel-eV-710109832448127\/\" \/>\n<meta property=\"article:modified_time\" content=\"2024-12-16T12:10:08+00:00\" \/>\n<meta property=\"og:image\" content=\"https:\/\/www.kvg-dorsten.de\/dorstener-tafel\/wordpress\/wp-content\/uploads\/2024\/10\/Montag-IMG_4785-scaled.jpg\" \/>\n\t<meta property=\"og:image:width\" content=\"2560\" \/>\n\t<meta property=\"og:image:height\" content=\"1920\" \/>\n\t<meta property=\"og:image:type\" content=\"image\/jpeg\" \/>\n<meta name=\"twitter:card\" content=\"summary_large_image\" \/>\n<meta name=\"twitter:label1\" content=\"Gesch\u00e4tzte Lesezeit\" \/>\n\t<meta name=\"twitter:data1\" content=\"3\u00a0Minuten\" \/>\n<script type=\"application\/ld+json\" class=\"yoast-schema-graph\">{\"@context\":\"https:\/\/schema.org\",\"@graph\":[{\"@type\":\"WebPage\",\"@id\":\"https:\/\/www.dorstener-tafel.de\/?page_id=8\",\"url\":\"https:\/\/www.dorstener-tafel.de\/?page_id=8\",\"name\":\"Dorstener Laden - Home | Tafel Dorsten\",\"isPartOf\":{\"@id\":\"https:\/\/www.dorstener-tafel.de\/#website\"},\"primaryImageOfPage\":{\"@id\":\"https:\/\/www.dorstener-tafel.de\/?page_id=8#primaryimage\"},\"image\":{\"@id\":\"https:\/\/www.dorstener-tafel.de\/?page_id=8#primaryimage\"},\"thumbnailUrl\":\"https:\/\/www.kvg-dorsten.de\/dorstener-tafel\/wordpress\/wp-content\/uploads\/2024\/10\/Montag-IMG_4785-300x225.jpg\",\"datePublished\":\"2015-09-15T21:47:02+00:00\",\"dateModified\":\"2024-12-16T12:10:08+00:00\",\"breadcrumb\":{\"@id\":\"https:\/\/www.dorstener-tafel.de\/?page_id=8#breadcrumb\"},\"inLanguage\":\"de\",\"potentialAction\":[{\"@type\":\"ReadAction\",\"target\":[\"https:\/\/www.dorstener-tafel.de\/?page_id=8\"]}]},{\"@type\":\"ImageObject\",\"inLanguage\":\"de\",\"@id\":\"https:\/\/www.dorstener-tafel.de\/?page_id=8#primaryimage\",\"url\":\"https:\/\/www.kvg-dorsten.de\/dorstener-tafel\/wordpress\/wp-content\/uploads\/2024\/10\/Montag-IMG_4785-300x225.jpg\",\"contentUrl\":\"https:\/\/www.kvg-dorsten.de\/dorstener-tafel\/wordpress\/wp-content\/uploads\/2024\/10\/Montag-IMG_4785-300x225.jpg\"},{\"@type\":\"BreadcrumbList\",\"@id\":\"https:\/\/www.dorstener-tafel.de\/?page_id=8#breadcrumb\",\"itemListElement\":[{\"@type\":\"ListItem\",\"position\":1,\"name\":\"Home\",\"item\":\"https:\/\/www.dorstener-tafel.de\/\"},{\"@type\":\"ListItem\",\"position\":2,\"name\":\"Dorstener Laden\"}]},{\"@type\":\"WebSite\",\"@id\":\"https:\/\/www.dorstener-tafel.de\/#website\",\"url\":\"https:\/\/www.dorstener-tafel.de\/\",\"name\":\"Home | Tafel Dorsten\",\"description\":\"\",\"potentialAction\":[{\"@type\":\"SearchAction\",\"target\":{\"@type\":\"EntryPoint\",\"urlTemplate\":\"https:\/\/www.dorstener-tafel.de\/?s={search_term_string}\"},\"query-input\":{\"@type\":\"PropertyValueSpecification\",\"valueRequired\":true,\"valueName\":\"search_term_string\"}}],\"inLanguage\":\"de\"}]}<\/script>\n<!-- \/ Yoast SEO plugin. -->","yoast_head_json":{"title":"Dorstener Laden - Home | Tafel Dorsten","robots":{"index":"index","follow":"follow","max-snippet":"max-snippet:-1","max-image-preview":"max-image-preview:large","max-video-preview":"max-video-preview:-1"},"canonical":"https:\/\/www.dorstener-tafel.de\/?page_id=8","og_locale":"de_DE","og_type":"article","og_title":"Dorstener Laden - Home | Tafel Dorsten","og_description":"Seit dem 1. Oktober 2003 gibt es den Dorstener Laden. Gesch\u00e4fte und Firmen (siehe unten) spenden uns kostenlos Lebensmittel, die [&hellip;]","og_url":"https:\/\/www.dorstener-tafel.de\/?page_id=8","og_site_name":"Home | Tafel Dorsten","article_publisher":"https:\/\/www.facebook.com\/Dorstener-Tafel-eV-710109832448127\/","article_modified_time":"2024-12-16T12:10:08+00:00","og_image":[{"width":2560,"height":1920,"url":"https:\/\/www.kvg-dorsten.de\/dorstener-tafel\/wordpress\/wp-content\/uploads\/2024\/10\/Montag-IMG_4785-scaled.jpg","type":"image\/jpeg"}],"twitter_card":"summary_large_image","twitter_misc":{"Gesch\u00e4tzte Lesezeit":"3\u00a0Minuten"},"schema":{"@context":"https:\/\/schema.org","@graph":[{"@type":"WebPage","@id":"https:\/\/www.dorstener-tafel.de\/?page_id=8","url":"https:\/\/www.dorstener-tafel.de\/?page_id=8","name":"Dorstener Laden - Home | Tafel Dorsten","isPartOf":{"@id":"https:\/\/www.dorstener-tafel.de\/#website"},"primaryImageOfPage":{"@id":"https:\/\/www.dorstener-tafel.de\/?page_id=8#primaryimage"},"image":{"@id":"https:\/\/www.dorstener-tafel.de\/?page_id=8#primaryimage"},"thumbnailUrl":"https:\/\/www.kvg-dorsten.de\/dorstener-tafel\/wordpress\/wp-content\/uploads\/2024\/10\/Montag-IMG_4785-300x225.jpg","datePublished":"2015-09-15T21:47:02+00:00","dateModified":"2024-12-16T12:10:08+00:00","breadcrumb":{"@id":"https:\/\/www.dorstener-tafel.de\/?page_id=8#breadcrumb"},"inLanguage":"de","potentialAction":[{"@type":"ReadAction","target":["https:\/\/www.dorstener-tafel.de\/?page_id=8"]}]},{"@type":"ImageObject","inLanguage":"de","@id":"https:\/\/www.dorstener-tafel.de\/?page_id=8#primaryimage","url":"https:\/\/www.kvg-dorsten.de\/dorstener-tafel\/wordpress\/wp-content\/uploads\/2024\/10\/Montag-IMG_4785-300x225.jpg","contentUrl":"https:\/\/www.kvg-dorsten.de\/dorstener-tafel\/wordpress\/wp-content\/uploads\/2024\/10\/Montag-IMG_4785-300x225.jpg"},{"@type":"BreadcrumbList","@id":"https:\/\/www.dorstener-tafel.de\/?page_id=8#breadcrumb","itemListElement":[{"@type":"ListItem","position":1,"name":"Home","item":"https:\/\/www.dorstener-tafel.de\/"},{"@type":"ListItem","position":2,"name":"Dorstener Laden"}]},{"@type":"WebSite","@id":"https:\/\/www.dorstener-tafel.de\/#website","url":"https:\/\/www.dorstener-tafel.de\/","name":"Home | Tafel Dorsten","description":"","potentialAction":[{"@type":"SearchAction","target":{"@type":"EntryPoint","urlTemplate":"https:\/\/www.dorstener-tafel.de\/?s={search_term_string}"},"query-input":{"@type":"PropertyValueSpecification","valueRequired":true,"valueName":"search_term_string"}}],"inLanguage":"de"}]}},"_links":{"self":[{"href":"https:\/\/www.dorstener-tafel.de\/index.php?rest_route=\/wp\/v2\/pages\/8","targetHints":{"allow":["GET"]}}],"collection":[{"href":"https:\/\/www.dorstener-tafel.de\/index.php?rest_route=\/wp\/v2\/pages"}],"about":[{"href":"https:\/\/www.dorstener-tafel.de\/index.php?rest_route=\/wp\/v2\/types\/page"}],"author":[{"embeddable":true,"href":"https:\/\/www.dorstener-tafel.de\/index.php?rest_route=\/wp\/v2\/users\/1"}],"replies":[{"embeddable":true,"href":"https:\/\/www.dorstener-tafel.de\/index.php?rest_route=%2Fwp%2Fv2%2Fcomments&post=8"}],"version-history":[{"count":44,"href":"https:\/\/www.dorstener-tafel.de\/index.php?rest_route=\/wp\/v2\/pages\/8\/revisions"}],"predecessor-version":[{"id":2647,"href":"https:\/\/www.dorstener-tafel.de\/index.php?rest_route=\/wp\/v2\/pages\/8\/revisions\/2647"}],"wp:attachment":[{"href":"https:\/\/www.dorstener-tafel.de\/index.php?rest_route=%2Fwp%2Fv2%2Fmedia&parent=8"}],"curies":[{"name":"wp","href":"https:\/\/api.w.org\/{rel}","templated":true}]}}