{"id":572,"date":"2016-01-24T14:46:47","date_gmt":"2016-01-24T13:46:47","guid":{"rendered":"http:\/\/www.dorstener-tafel.de\/?page_id=572"},"modified":"2024-08-30T09:19:59","modified_gmt":"2024-08-30T07:19:59","slug":"faq","status":"publish","type":"page","link":"https:\/\/www.dorstener-tafel.de\/?page_id=572","title":{"rendered":"FAQ"},"content":{"rendered":"<p><strong>Antworten auf h\u00e4ufig gestellte Fragen\u00a0 <\/strong><\/p>\n<p>Uns werden oft immer wieder wichtige Fragen gestellt.<br \/>\nWir m\u00f6chten an dieser Stelle darauf Antworten geben.<\/p>\n<ol>\n<li><strong>Wer kann\u00a0bei der Tafel einkaufen?<\/strong><\/li>\n<\/ol>\n<p>Grunds\u00e4tzlich d\u00fcrfen nur sozial Bed\u00fcrftige unserer Stadt bei uns einkaufen.<br \/>\nWir m\u00f6chten, dass die Bed\u00fcrftigkeit <strong>durch den Dorsten-Pass<\/strong> nachgewiesen wird.<\/p>\n<ol start=\"2\">\n<li><strong>Gibt es einen Anspruch darauf, bei der Tafel einzukaufen?<\/strong><\/li>\n<\/ol>\n<p>Nein! Niemand besitzt einen Anspruch auf die Tafel.<br \/>\nDie Tafel m\u00f6chte und kann nur unterst\u00fctzen.<br \/>\nDie Tafel dient nicht der Versorgung.<\/p>\n<ol start=\"3\">\n<li><strong>Wie viel verdienen die Mitarbeiterinnen und Mitarbeiter der Tafel?<\/strong><\/li>\n<\/ol>\n<p>Nichts! Die Arbeit bei der Tafel ist ehrenamtlich. Niemand wird daf\u00fcr bezahlt.<br \/>\nDie Menschen arbeiten hier in ihrer Freizeit.<br \/>\nSie erhalten auch keine Fahrtkosten erstattet. Sie bezahlen selber daf\u00fcr, wenn ihnen auf der Fahrt zur Tafel und wieder nach Hause Kosten entstehen.<\/p>\n<ol start=\"4\">\n<li><strong>Warum gibt es in der Tafel nicht immer alle Waren wie in einem Supermarkt?<\/strong><\/li>\n<\/ol>\n<p>In der Tafel werden nur die Waren ausgegeben, die die Superm\u00e4rkte uns schenken. Wir k\u00f6nnen nur das weitergeben, was wir bekommen; wir kaufen auch nichts dazu. Daher steht die Ware auch immer kurz vor Ablauf des Haltbarkeitsdatums.<\/p>\n<ol start=\"5\">\n<li><strong>Warum kann ich nicht jeden Tag in der Tafel einkaufen?<\/strong><\/li>\n<\/ol>\n<p>Die Dorstener Tafel hat an drei Tagen in der Woche ge\u00f6ffnet. Mehr k\u00f6nnen wir als ehrenamtlich arbeitender Verein nicht leisten. Au\u00dferdem w\u00fcrde unsere Ware nicht f\u00fcr mehr Tage reichen. Dann w\u00e4re der Raum auch zu klein.<\/p>\n<ol start=\"6\">\n<li><strong>Kann ich bei der Tafel helfen?<\/strong><\/li>\n<\/ol>\n<p>Ja! Wir suchen immer interessierte, flei\u00dfige Helferinnen und Helfer. Die Arbeit bei uns macht Freude. Sie ist ein Ehrenamt. Man bekommt kein Geld daf\u00fcr. Wer Interesse hat, bitte melden. Die Adresse steht hier unten.<\/p>\n<p>Alle Mitglieder des gesch\u00e4ftsf\u00fchrenden Vorstands erreichen Sie \u00fcber die E-Mail-Adresse: <a href=\"mailto:post@dorstener-tafel.de\"><strong>post@dorstener-tafel.de<\/strong><\/a><\/p>\n<p>oder \u00fcber das folgende Formular:<\/p>\n<hr \/>\n\n<div class=\"wpcf7 no-js\" id=\"wpcf7-f1538-o1\" lang=\"de-DE\" dir=\"ltr\" data-wpcf7-id=\"1538\">\n<div class=\"screen-reader-response\"><p role=\"status\" aria-live=\"polite\" aria-atomic=\"true\"><\/p> <ul><\/ul><\/div>\n<form action=\"\/index.php?rest_route=%2Fwp%2Fv2%2Fpages%2F572#wpcf7-f1538-o1\" method=\"post\" class=\"wpcf7-form init\" aria-label=\"Kontaktformular\" novalidate=\"novalidate\" data-status=\"init\">\n<fieldset class=\"hidden-fields-container\"><input type=\"hidden\" name=\"_wpcf7\" value=\"1538\" \/><input type=\"hidden\" name=\"_wpcf7_version\" value=\"6.1.5\" \/><input type=\"hidden\" name=\"_wpcf7_locale\" value=\"de_DE\" \/><input type=\"hidden\" name=\"_wpcf7_unit_tag\" value=\"wpcf7-f1538-o1\" \/><input type=\"hidden\" name=\"_wpcf7_container_post\" value=\"0\" \/><input type=\"hidden\" name=\"_wpcf7_posted_data_hash\" value=\"\" \/>\n<\/fieldset>\n<p><label> Name (Pflichtfeld)<br \/>\n<span class=\"wpcf7-form-control-wrap\" data-name=\"your-name\"><input size=\"40\" maxlength=\"400\" class=\"wpcf7-form-control wpcf7-text wpcf7-validates-as-required\" aria-required=\"true\" aria-invalid=\"false\" value=\"\" type=\"text\" name=\"your-name\" \/><\/span> <\/label>\n<\/p>\n<p><label> E-Mail-Adresse (Pflichtfeld)<br \/>\n<span class=\"wpcf7-form-control-wrap\" data-name=\"your-email\"><input size=\"40\" maxlength=\"400\" class=\"wpcf7-form-control wpcf7-email wpcf7-validates-as-required wpcf7-text wpcf7-validates-as-email\" aria-required=\"true\" aria-invalid=\"false\" value=\"\" type=\"email\" name=\"your-email\" \/><\/span> <\/label>\n<\/p>\n<p><label> Betreff<br \/>\n<span class=\"wpcf7-form-control-wrap\" data-name=\"your-subject\"><input size=\"40\" maxlength=\"400\" class=\"wpcf7-form-control wpcf7-text\" aria-invalid=\"false\" value=\"\" type=\"text\" name=\"your-subject\" \/><\/span> <\/label>\n<\/p>\n<p><label> Nachricht an die TAFEL<br \/>\n<span class=\"wpcf7-form-control-wrap\" data-name=\"your-message\"><textarea cols=\"40\" rows=\"10\" maxlength=\"2000\" class=\"wpcf7-form-control wpcf7-textarea\" aria-invalid=\"false\" name=\"your-message\"><\/textarea><\/span> <\/label>\n<\/p>\n<p>Zur Sicherheit bitte etwas rechnen:<br> <span class=\"wpcf7-form-control-wrap mathcaptcha-407\"><input size=\"2\" maxlength=\"2\" class=\"wpcf7-form-control wpcf7-mathcaptcha\" aria-required=\"true\" type=\"text\" name=\"mathcaptcha-407\" value=\"\" \/> + 85 = 9&#x34;<\/span><input type=\"hidden\" value=\"0\" name=\"mathcaptcha-407-sn\" \/>\n<\/p>\n<p><input class=\"wpcf7-form-control wpcf7-submit has-spinner\" type=\"submit\" value=\"Senden\" \/>\n<\/p><div class=\"wpcf7-response-output\" aria-hidden=\"true\"><\/div>\n<\/form>\n<\/div>\n\n<hr \/>\n<p>&nbsp;<\/p>\n<p><strong>Telefonischer Kontakt zu unseren Einrichtungen:<\/strong><\/p>\n<p><strong>Dorstener Laden:<br \/>\nAlleestrasse 17, 46282 Dorsten<\/strong><br \/>\nTel.: 0 23 62 \/ 99 89 430<br \/>\nMail: post@dorstener-tafel.de<\/p>\n<p><strong>Mittagstisch in der Altstadt<\/strong><br \/>\nEvangelisches Gemeindehaus<br \/>\nS\u00fcdwall 5<br \/>\n46282 Dorsten<\/p>\n<p>&nbsp;<\/p>\n","protected":false},"excerpt":{"rendered":"<p>Antworten auf h\u00e4ufig gestellte Fragen\u00a0 Uns werden oft immer wieder wichtige Fragen gestellt. Wir m\u00f6chten an dieser Stelle darauf Antworten [&hellip;]<\/p>\n","protected":false},"author":1,"featured_media":0,"parent":0,"menu_order":0,"comment_status":"closed","ping_status":"closed","template":"","meta":{"footnotes":""},"class_list":["post-572","page","type-page","status-publish","hentry"],"yoast_head":"<!-- This site is optimized with the Yoast SEO plugin v26.8 - https:\/\/yoast.com\/product\/yoast-seo-wordpress\/ -->\n<title>FAQ - Home | Tafel Dorsten<\/title>\n<meta name=\"robots\" content=\"index, follow, max-snippet:-1, max-image-preview:large, max-video-preview:-1\" \/>\n<link rel=\"canonical\" href=\"https:\/\/www.dorstener-tafel.de\/?page_id=572\" \/>\n<meta property=\"og:locale\" content=\"de_DE\" \/>\n<meta property=\"og:type\" content=\"article\" \/>\n<meta property=\"og:title\" content=\"FAQ - Home | Tafel Dorsten\" \/>\n<meta property=\"og:description\" content=\"Antworten auf h\u00e4ufig gestellte Fragen\u00a0 Uns werden oft immer wieder wichtige Fragen gestellt. Wir m\u00f6chten an dieser Stelle darauf Antworten [&hellip;]\" \/>\n<meta property=\"og:url\" content=\"https:\/\/www.dorstener-tafel.de\/?page_id=572\" \/>\n<meta property=\"og:site_name\" content=\"Home | Tafel Dorsten\" \/>\n<meta property=\"article:publisher\" content=\"https:\/\/www.facebook.com\/Dorstener-Tafel-eV-710109832448127\/\" \/>\n<meta property=\"article:modified_time\" content=\"2024-08-30T07:19:59+00:00\" \/>\n<meta name=\"twitter:card\" content=\"summary_large_image\" \/>\n<meta name=\"twitter:label1\" content=\"Gesch\u00e4tzte Lesezeit\" \/>\n\t<meta name=\"twitter:data1\" content=\"2\u00a0Minuten\" \/>\n<script type=\"application\/ld+json\" class=\"yoast-schema-graph\">{\"@context\":\"https:\/\/schema.org\",\"@graph\":[{\"@type\":\"WebPage\",\"@id\":\"https:\/\/www.dorstener-tafel.de\/?page_id=572\",\"url\":\"https:\/\/www.dorstener-tafel.de\/?page_id=572\",\"name\":\"FAQ - Home | Tafel Dorsten\",\"isPartOf\":{\"@id\":\"https:\/\/www.dorstener-tafel.de\/#website\"},\"datePublished\":\"2016-01-24T13:46:47+00:00\",\"dateModified\":\"2024-08-30T07:19:59+00:00\",\"breadcrumb\":{\"@id\":\"https:\/\/www.dorstener-tafel.de\/?page_id=572#breadcrumb\"},\"inLanguage\":\"de\",\"potentialAction\":[{\"@type\":\"ReadAction\",\"target\":[\"https:\/\/www.dorstener-tafel.de\/?page_id=572\"]}]},{\"@type\":\"BreadcrumbList\",\"@id\":\"https:\/\/www.dorstener-tafel.de\/?page_id=572#breadcrumb\",\"itemListElement\":[{\"@type\":\"ListItem\",\"position\":1,\"name\":\"Home\",\"item\":\"https:\/\/www.dorstener-tafel.de\/\"},{\"@type\":\"ListItem\",\"position\":2,\"name\":\"FAQ\"}]},{\"@type\":\"WebSite\",\"@id\":\"https:\/\/www.dorstener-tafel.de\/#website\",\"url\":\"https:\/\/www.dorstener-tafel.de\/\",\"name\":\"Home | Tafel Dorsten\",\"description\":\"\",\"potentialAction\":[{\"@type\":\"SearchAction\",\"target\":{\"@type\":\"EntryPoint\",\"urlTemplate\":\"https:\/\/www.dorstener-tafel.de\/?s={search_term_string}\"},\"query-input\":{\"@type\":\"PropertyValueSpecification\",\"valueRequired\":true,\"valueName\":\"search_term_string\"}}],\"inLanguage\":\"de\"}]}<\/script>\n<!-- \/ Yoast SEO plugin. -->","yoast_head_json":{"title":"FAQ - Home | Tafel Dorsten","robots":{"index":"index","follow":"follow","max-snippet":"max-snippet:-1","max-image-preview":"max-image-preview:large","max-video-preview":"max-video-preview:-1"},"canonical":"https:\/\/www.dorstener-tafel.de\/?page_id=572","og_locale":"de_DE","og_type":"article","og_title":"FAQ - Home | Tafel Dorsten","og_description":"Antworten auf h\u00e4ufig gestellte Fragen\u00a0 Uns werden oft immer wieder wichtige Fragen gestellt. Wir m\u00f6chten an dieser Stelle darauf Antworten [&hellip;]","og_url":"https:\/\/www.dorstener-tafel.de\/?page_id=572","og_site_name":"Home | Tafel Dorsten","article_publisher":"https:\/\/www.facebook.com\/Dorstener-Tafel-eV-710109832448127\/","article_modified_time":"2024-08-30T07:19:59+00:00","twitter_card":"summary_large_image","twitter_misc":{"Gesch\u00e4tzte Lesezeit":"2\u00a0Minuten"},"schema":{"@context":"https:\/\/schema.org","@graph":[{"@type":"WebPage","@id":"https:\/\/www.dorstener-tafel.de\/?page_id=572","url":"https:\/\/www.dorstener-tafel.de\/?page_id=572","name":"FAQ - Home | Tafel Dorsten","isPartOf":{"@id":"https:\/\/www.dorstener-tafel.de\/#website"},"datePublished":"2016-01-24T13:46:47+00:00","dateModified":"2024-08-30T07:19:59+00:00","breadcrumb":{"@id":"https:\/\/www.dorstener-tafel.de\/?page_id=572#breadcrumb"},"inLanguage":"de","potentialAction":[{"@type":"ReadAction","target":["https:\/\/www.dorstener-tafel.de\/?page_id=572"]}]},{"@type":"BreadcrumbList","@id":"https:\/\/www.dorstener-tafel.de\/?page_id=572#breadcrumb","itemListElement":[{"@type":"ListItem","position":1,"name":"Home","item":"https:\/\/www.dorstener-tafel.de\/"},{"@type":"ListItem","position":2,"name":"FAQ"}]},{"@type":"WebSite","@id":"https:\/\/www.dorstener-tafel.de\/#website","url":"https:\/\/www.dorstener-tafel.de\/","name":"Home | Tafel Dorsten","description":"","potentialAction":[{"@type":"SearchAction","target":{"@type":"EntryPoint","urlTemplate":"https:\/\/www.dorstener-tafel.de\/?s={search_term_string}"},"query-input":{"@type":"PropertyValueSpecification","valueRequired":true,"valueName":"search_term_string"}}],"inLanguage":"de"}]}},"_links":{"self":[{"href":"https:\/\/www.dorstener-tafel.de\/index.php?rest_route=\/wp\/v2\/pages\/572","targetHints":{"allow":["GET"]}}],"collection":[{"href":"https:\/\/www.dorstener-tafel.de\/index.php?rest_route=\/wp\/v2\/pages"}],"about":[{"href":"https:\/\/www.dorstener-tafel.de\/index.php?rest_route=\/wp\/v2\/types\/page"}],"author":[{"embeddable":true,"href":"https:\/\/www.dorstener-tafel.de\/index.php?rest_route=\/wp\/v2\/users\/1"}],"replies":[{"embeddable":true,"href":"https:\/\/www.dorstener-tafel.de\/index.php?rest_route=%2Fwp%2Fv2%2Fcomments&post=572"}],"version-history":[{"count":19,"href":"https:\/\/www.dorstener-tafel.de\/index.php?rest_route=\/wp\/v2\/pages\/572\/revisions"}],"predecessor-version":[{"id":2587,"href":"https:\/\/www.dorstener-tafel.de\/index.php?rest_route=\/wp\/v2\/pages\/572\/revisions\/2587"}],"wp:attachment":[{"href":"https:\/\/www.dorstener-tafel.de\/index.php?rest_route=%2Fwp%2Fv2%2Fmedia&parent=572"}],"curies":[{"name":"wp","href":"https:\/\/api.w.org\/{rel}","templated":true}]}}