{"id":37,"date":"2015-09-16T01:46:14","date_gmt":"2015-09-15T23:46:14","guid":{"rendered":"http:\/\/www.kvg-dorsten.de\/dorstener-tafel\/wordpress\/?page_id=37"},"modified":"2018-03-04T14:37:07","modified_gmt":"2018-03-04T13:37:07","slug":"links","status":"publish","type":"page","link":"https:\/\/www.dorstener-tafel.de\/?page_id=37","title":{"rendered":"Links"},"content":{"rendered":"<p>Die Dorstener Tafel ist Mitglied im\u00a0<a href=\"http:\/\/www.tafel.de\" target=\"_blank\" rel=\"noopener\"><strong>Bundesverband Deutsche Tafel e.V.<\/strong><\/a>\u00a0; deren Homepage bietet viele gute Informationen rund um die Tafel.<\/p>\n<p>Dass Tafelarbeit auch etwas f\u00fcr junge Leute ist, zeigen die Seiten der <strong><a href=\"http:\/\/junge-tafel.de\/\" target=\"_blank\" rel=\"noopener\">Jungen Tafel<\/a><\/strong>.<\/p>\n<p><strong>Tafeln in unserer Nachbarschaft<br \/>\n<\/strong>(G\u00fcltigkeit der Links kann nicht zugesagt werden; sie werden nur selten \u00fcberpr\u00fcft)<\/p>\n<ul>\n<li><a href=\"http:\/\/www.dw-st.de\/gemeindediakonie-und-ehrenamt\/borkener-tafel.html\" target=\"_blank\" rel=\"noopener\">Borkener Tafel<\/a><\/li>\n<li><a href=\"http:\/\/www.dinslakener-tafel.de\" target=\"_blank\" rel=\"noopener\">Dinslakener Tafel e.V.<\/a><\/li>\n<li><a href=\"http:\/\/www.duelmener-tafel.de\" target=\"_blank\" rel=\"noopener\">D\u00fclmener Tafel<\/a><\/li>\n<li><a href=\"http:\/\/www.tafel-ge.de\" target=\"_blank\" rel=\"noopener\">Gelsenkirchener Tafel e.V.<\/a><\/li>\n<li><a href=\"http:\/\/www.gladbecker-tafel.de\" target=\"_blank\" rel=\"noopener\">(Gladbecker Tafel e.V.)<\/a><\/li>\n<li><a href=\"http:\/\/www.halterner-tafel.de\" target=\"_blank\" rel=\"noopener\">Halterner Tafel e.V.<\/a><\/li>\n<li><a href=\"http:\/\/www.caritas-herten.de\" target=\"_blank\" rel=\"noopener\">Hertener Tafel<\/a><\/li>\n<li><a href=\"http:\/\/marler-tafel.de\" target=\"_blank\" rel=\"noopener\">Marler Tafel e. V.<\/a><\/li>\n<li><a href=\"http:\/\/www.dieoberhausenertafel.de\" target=\"_blank\" rel=\"noopener\">Oberhausener Tafel e.V.<\/a><\/li>\n<li><a href=\"http:\/\/www.recklinghaeuser-tafel.de\/\" target=\"_blank\" rel=\"noopener\">Recklingh\u00e4user Tafel<\/a><\/li>\n<li><a href=\"http:\/\/www.weseler-tafel.de\" target=\"_blank\" rel=\"noopener\">Weseler Tafel e.V.<\/a><\/li>\n<\/ul>\n<p>&nbsp;<\/p>\n","protected":false},"excerpt":{"rendered":"<p>Die Dorstener Tafel ist Mitglied im\u00a0Bundesverband Deutsche Tafel e.V.\u00a0; deren Homepage bietet viele gute Informationen rund um die Tafel. Dass [&hellip;]<\/p>\n","protected":false},"author":1,"featured_media":0,"parent":0,"menu_order":0,"comment_status":"closed","ping_status":"closed","template":"","meta":{"footnotes":""},"class_list":["post-37","page","type-page","status-publish","hentry"],"yoast_head":"<!-- This site is optimized with the Yoast SEO plugin v26.8 - https:\/\/yoast.com\/product\/yoast-seo-wordpress\/ -->\n<title>Links - Home | Tafel Dorsten<\/title>\n<meta name=\"robots\" content=\"index, follow, max-snippet:-1, max-image-preview:large, max-video-preview:-1\" \/>\n<link rel=\"canonical\" href=\"https:\/\/www.dorstener-tafel.de\/?page_id=37\" \/>\n<meta property=\"og:locale\" content=\"de_DE\" \/>\n<meta property=\"og:type\" content=\"article\" \/>\n<meta property=\"og:title\" content=\"Links - Home | Tafel Dorsten\" \/>\n<meta property=\"og:description\" content=\"Die Dorstener Tafel ist Mitglied im\u00a0Bundesverband Deutsche Tafel e.V.\u00a0; deren Homepage bietet viele gute Informationen rund um die Tafel. Dass [&hellip;]\" \/>\n<meta property=\"og:url\" content=\"https:\/\/www.dorstener-tafel.de\/?page_id=37\" \/>\n<meta property=\"og:site_name\" content=\"Home | Tafel Dorsten\" \/>\n<meta property=\"article:publisher\" content=\"https:\/\/www.facebook.com\/Dorstener-Tafel-eV-710109832448127\/\" \/>\n<meta property=\"article:modified_time\" content=\"2018-03-04T13:37:07+00:00\" \/>\n<meta name=\"twitter:card\" content=\"summary_large_image\" \/>\n<script type=\"application\/ld+json\" class=\"yoast-schema-graph\">{\"@context\":\"https:\/\/schema.org\",\"@graph\":[{\"@type\":\"WebPage\",\"@id\":\"https:\/\/www.dorstener-tafel.de\/?page_id=37\",\"url\":\"https:\/\/www.dorstener-tafel.de\/?page_id=37\",\"name\":\"Links - Home | Tafel Dorsten\",\"isPartOf\":{\"@id\":\"https:\/\/www.dorstener-tafel.de\/#website\"},\"datePublished\":\"2015-09-15T23:46:14+00:00\",\"dateModified\":\"2018-03-04T13:37:07+00:00\",\"breadcrumb\":{\"@id\":\"https:\/\/www.dorstener-tafel.de\/?page_id=37#breadcrumb\"},\"inLanguage\":\"de\",\"potentialAction\":[{\"@type\":\"ReadAction\",\"target\":[\"https:\/\/www.dorstener-tafel.de\/?page_id=37\"]}]},{\"@type\":\"BreadcrumbList\",\"@id\":\"https:\/\/www.dorstener-tafel.de\/?page_id=37#breadcrumb\",\"itemListElement\":[{\"@type\":\"ListItem\",\"position\":1,\"name\":\"Home\",\"item\":\"https:\/\/www.dorstener-tafel.de\/\"},{\"@type\":\"ListItem\",\"position\":2,\"name\":\"Links\"}]},{\"@type\":\"WebSite\",\"@id\":\"https:\/\/www.dorstener-tafel.de\/#website\",\"url\":\"https:\/\/www.dorstener-tafel.de\/\",\"name\":\"Home | Tafel Dorsten\",\"description\":\"\",\"potentialAction\":[{\"@type\":\"SearchAction\",\"target\":{\"@type\":\"EntryPoint\",\"urlTemplate\":\"https:\/\/www.dorstener-tafel.de\/?s={search_term_string}\"},\"query-input\":{\"@type\":\"PropertyValueSpecification\",\"valueRequired\":true,\"valueName\":\"search_term_string\"}}],\"inLanguage\":\"de\"}]}<\/script>\n<!-- \/ Yoast SEO plugin. -->","yoast_head_json":{"title":"Links - Home | Tafel Dorsten","robots":{"index":"index","follow":"follow","max-snippet":"max-snippet:-1","max-image-preview":"max-image-preview:large","max-video-preview":"max-video-preview:-1"},"canonical":"https:\/\/www.dorstener-tafel.de\/?page_id=37","og_locale":"de_DE","og_type":"article","og_title":"Links - Home | Tafel Dorsten","og_description":"Die Dorstener Tafel ist Mitglied im\u00a0Bundesverband Deutsche Tafel e.V.\u00a0; deren Homepage bietet viele gute Informationen rund um die Tafel. Dass [&hellip;]","og_url":"https:\/\/www.dorstener-tafel.de\/?page_id=37","og_site_name":"Home | Tafel Dorsten","article_publisher":"https:\/\/www.facebook.com\/Dorstener-Tafel-eV-710109832448127\/","article_modified_time":"2018-03-04T13:37:07+00:00","twitter_card":"summary_large_image","schema":{"@context":"https:\/\/schema.org","@graph":[{"@type":"WebPage","@id":"https:\/\/www.dorstener-tafel.de\/?page_id=37","url":"https:\/\/www.dorstener-tafel.de\/?page_id=37","name":"Links - Home | Tafel Dorsten","isPartOf":{"@id":"https:\/\/www.dorstener-tafel.de\/#website"},"datePublished":"2015-09-15T23:46:14+00:00","dateModified":"2018-03-04T13:37:07+00:00","breadcrumb":{"@id":"https:\/\/www.dorstener-tafel.de\/?page_id=37#breadcrumb"},"inLanguage":"de","potentialAction":[{"@type":"ReadAction","target":["https:\/\/www.dorstener-tafel.de\/?page_id=37"]}]},{"@type":"BreadcrumbList","@id":"https:\/\/www.dorstener-tafel.de\/?page_id=37#breadcrumb","itemListElement":[{"@type":"ListItem","position":1,"name":"Home","item":"https:\/\/www.dorstener-tafel.de\/"},{"@type":"ListItem","position":2,"name":"Links"}]},{"@type":"WebSite","@id":"https:\/\/www.dorstener-tafel.de\/#website","url":"https:\/\/www.dorstener-tafel.de\/","name":"Home | Tafel Dorsten","description":"","potentialAction":[{"@type":"SearchAction","target":{"@type":"EntryPoint","urlTemplate":"https:\/\/www.dorstener-tafel.de\/?s={search_term_string}"},"query-input":{"@type":"PropertyValueSpecification","valueRequired":true,"valueName":"search_term_string"}}],"inLanguage":"de"}]}},"_links":{"self":[{"href":"https:\/\/www.dorstener-tafel.de\/index.php?rest_route=\/wp\/v2\/pages\/37","targetHints":{"allow":["GET"]}}],"collection":[{"href":"https:\/\/www.dorstener-tafel.de\/index.php?rest_route=\/wp\/v2\/pages"}],"about":[{"href":"https:\/\/www.dorstener-tafel.de\/index.php?rest_route=\/wp\/v2\/types\/page"}],"author":[{"embeddable":true,"href":"https:\/\/www.dorstener-tafel.de\/index.php?rest_route=\/wp\/v2\/users\/1"}],"replies":[{"embeddable":true,"href":"https:\/\/www.dorstener-tafel.de\/index.php?rest_route=%2Fwp%2Fv2%2Fcomments&post=37"}],"version-history":[{"count":13,"href":"https:\/\/www.dorstener-tafel.de\/index.php?rest_route=\/wp\/v2\/pages\/37\/revisions"}],"predecessor-version":[{"id":1557,"href":"https:\/\/www.dorstener-tafel.de\/index.php?rest_route=\/wp\/v2\/pages\/37\/revisions\/1557"}],"wp:attachment":[{"href":"https:\/\/www.dorstener-tafel.de\/index.php?rest_route=%2Fwp%2Fv2%2Fmedia&parent=37"}],"curies":[{"name":"wp","href":"https:\/\/api.w.org\/{rel}","templated":true}]}}