{"id":24,"date":"2015-09-16T00:06:04","date_gmt":"2015-09-15T22:06:04","guid":{"rendered":"http:\/\/www.kvg-dorsten.de\/dorstener-tafel\/wordpress\/?page_id=24"},"modified":"2025-12-02T10:22:57","modified_gmt":"2025-12-02T09:22:57","slug":"kontakt","status":"publish","type":"page","link":"https:\/\/www.dorstener-tafel.de\/?page_id=24","title":{"rendered":"Kontakt"},"content":{"rendered":"<div id=\"pl-24\"  class=\"panel-layout\" ><div id=\"pg-24-0\"  class=\"panel-grid panel-no-style\" ><div id=\"pgc-24-0-0\"  class=\"panel-grid-cell\" ><div id=\"panel-24-0-0-0\" class=\"widget_text so-panel widget widget_custom_html panel-first-child panel-last-child\" data-index=\"0\" ><div class=\"textwidget custom-html-widget\"><h6>\n<img decoding=\"async\" src=\"https:\/\/www.kvg-dorsten.de\/dorstener-tafel\/wordpress\/wp-content\/uploads\/2023\/10\/Zwischenablage01.jpg\" \/><br>\t\n<br>\t\n<p>Vorsitzender: Herbert Rentmeister<br>\nE-Mail: <a href=\"mailto:herbert.rentmeister@t-online.de\">\nherbert.rentmeister@t-online.de<\/a><br>\n<br>\nstellv. Vorsitzende (Kassenf\u00fchrung):<br>\nUrsula Riedel<br><br>\nstellv. Vorsitzender (Schriftf\u00fchrung):<br>\nHugo Bechter<br><br>\nstellv. Vorsitzender (Homepage und Datenverarbeitung):<br>\nDirk Werwer<br>\n<br>\nAlle Mitglieder des gesch\u00e4ftsf\u00fchrenden Vorstands erreichen Sie \u00fcber \ndie&nbsp;E-Mail-Adresse <br>\n<a href=\"mailto:post@dorstener-tafel.de\">post@dorstener-tafel.de<\/a>\n\t<br><br> <\/p><\/h6> <\/div><\/div><\/div><div id=\"pgc-24-0-1\"  class=\"panel-grid-cell\" ><div id=\"panel-24-0-1-0\" class=\"widget_text so-panel widget widget_custom_html panel-first-child panel-last-child\" data-index=\"1\" ><div class=\"textwidget custom-html-widget\"><\/div><\/div><\/div><\/div><div id=\"pg-24-1\"  class=\"panel-grid panel-no-style\" ><div id=\"pgc-24-1-0\"  class=\"panel-grid-cell\" ><div id=\"panel-24-1-0-0\" class=\"widget_text so-panel widget widget_custom_html panel-first-child panel-last-child\" data-index=\"2\" ><div class=\"textwidget custom-html-widget\"><hr><br><h3><b><u>Kontakt zu unseren Einrichtungen<\/u><\/b><\/h3><br>\n<h5>bei Fragen zu ehrenamtlicher Mitarbeit, \u00d6ffnungszeiten, Spendenm\u00f6glichkeiten ...<\/h5><br><\/div><\/div><\/div><\/div><div id=\"pg-24-2\"  class=\"panel-grid panel-no-style\" ><div id=\"pgc-24-2-0\"  class=\"panel-grid-cell\" ><div id=\"panel-24-2-0-0\" class=\"widget_text so-panel widget widget_custom_html panel-first-child panel-last-child\" data-index=\"3\" ><div class=\"textwidget custom-html-widget\"><h6>\n\t\n<b><u>Dorstener Laden:<\/u><\/b><br>\nAlleestrasse 17<br>\n46282 Dorsten<br>\nTel.: 0 23 62 \/ 99 89 430<br>\n<br>\nE-Mail: <br>post@dorstener-tafel.de\t\n<br>\n\u00d6ffnungszeiten:<br>\nMontag:\t\t15:00-17:00 Uhr<br>\nMittwoch: 15:00-17:00 Uhr<br>\nFreitag: \u00a015:00-17:00 Uhr<br>\n<br>\n <\/h6><\/div><\/div><\/div><div id=\"pgc-24-2-1\"  class=\"panel-grid-cell panel-grid-cell-empty\" ><\/div><div id=\"pgc-24-2-2\"  class=\"panel-grid-cell\" ><div id=\"panel-24-2-2-0\" class=\"widget_text so-panel widget widget_custom_html panel-first-child panel-last-child\" data-index=\"4\" ><div class=\"textwidget custom-html-widget\"><h6><p><u>Mittagstisch in der Altstadt<\/u><br>\nEvangelisches Gemeindehaus<br>\nS\u00fcdwall 5<br>\n46282 Dorsten<br>\n<br>\nFrau Ingrid Winkel<br>\nTelefon: 02362\/24698<br>\n<br>\n\u00d6ffnungszeiten:<br>\nMittwoch: 12.30 Uhr bis 13.30 Uhr<br>\n<br>\n<br>\n<br>\n<br>\n<\/p><\/h6><\/div><\/div><\/div><\/div><div id=\"pg-24-3\"  class=\"panel-grid panel-no-style\" ><div id=\"pgc-24-3-0\"  class=\"panel-grid-cell\" ><div id=\"panel-24-3-0-0\" class=\"widget_text so-panel widget widget_custom_html panel-first-child panel-last-child\" data-index=\"5\" ><div class=\"textwidget custom-html-widget\"><br><h5><b><u>... oder \u00fcber das folgende Kontakt-Formular<\/u><\/b><\/h5><br>\n\n<div class=\"wpcf7 no-js\" id=\"wpcf7-f1538-o1\" lang=\"de-DE\" dir=\"ltr\" data-wpcf7-id=\"1538\">\n<div class=\"screen-reader-response\"><p role=\"status\" aria-live=\"polite\" aria-atomic=\"true\"><\/p> <ul><\/ul><\/div>\n<form action=\"\/index.php?rest_route=%2Fwp%2Fv2%2Fpages%2F24#wpcf7-f1538-o1\" method=\"post\" class=\"wpcf7-form init\" aria-label=\"Kontaktformular\" novalidate=\"novalidate\" data-status=\"init\">\n<fieldset class=\"hidden-fields-container\"><input type=\"hidden\" name=\"_wpcf7\" value=\"1538\" \/><input type=\"hidden\" name=\"_wpcf7_version\" value=\"6.1.5\" \/><input type=\"hidden\" name=\"_wpcf7_locale\" value=\"de_DE\" \/><input type=\"hidden\" name=\"_wpcf7_unit_tag\" value=\"wpcf7-f1538-o1\" \/><input type=\"hidden\" name=\"_wpcf7_container_post\" value=\"0\" \/><input type=\"hidden\" name=\"_wpcf7_posted_data_hash\" value=\"\" \/>\n<\/fieldset>\n<p><label> Name (Pflichtfeld)<br \/>\n<span class=\"wpcf7-form-control-wrap\" data-name=\"your-name\"><input size=\"40\" maxlength=\"400\" class=\"wpcf7-form-control wpcf7-text wpcf7-validates-as-required\" aria-required=\"true\" aria-invalid=\"false\" value=\"\" type=\"text\" name=\"your-name\" \/><\/span> <\/label>\n<\/p>\n<p><label> E-Mail-Adresse (Pflichtfeld)<br \/>\n<span class=\"wpcf7-form-control-wrap\" data-name=\"your-email\"><input size=\"40\" maxlength=\"400\" class=\"wpcf7-form-control wpcf7-email wpcf7-validates-as-required wpcf7-text wpcf7-validates-as-email\" aria-required=\"true\" aria-invalid=\"false\" value=\"\" type=\"email\" name=\"your-email\" \/><\/span> <\/label>\n<\/p>\n<p><label> Betreff<br \/>\n<span class=\"wpcf7-form-control-wrap\" data-name=\"your-subject\"><input size=\"40\" maxlength=\"400\" class=\"wpcf7-form-control wpcf7-text\" aria-invalid=\"false\" value=\"\" type=\"text\" name=\"your-subject\" \/><\/span> <\/label>\n<\/p>\n<p><label> Nachricht an die TAFEL<br \/>\n<span class=\"wpcf7-form-control-wrap\" data-name=\"your-message\"><textarea cols=\"40\" rows=\"10\" maxlength=\"2000\" class=\"wpcf7-form-control wpcf7-textarea\" aria-invalid=\"false\" name=\"your-message\"><\/textarea><\/span> <\/label>\n<\/p>\n<p>Zur Sicherheit bitte etwas rechnen:<br> <span class=\"wpcf7-form-control-wrap mathcaptcha-407\">2&#x33; + <input size=\"2\" maxlength=\"2\" class=\"wpcf7-form-control wpcf7-mathcaptcha\" aria-required=\"true\" type=\"text\" name=\"mathcaptcha-407\" value=\"\" \/> = 2&#x38;<\/span><input type=\"hidden\" value=\"0\" name=\"mathcaptcha-407-sn\" \/>\n<\/p>\n<p><input class=\"wpcf7-form-control wpcf7-submit has-spinner\" type=\"submit\" value=\"Senden\" \/>\n<\/p><div class=\"wpcf7-response-output\" aria-hidden=\"true\"><\/div>\n<\/form>\n<\/div>\n<\/div><\/div><\/div><\/div><div id=\"pg-24-4\"  class=\"panel-grid panel-no-style\" ><div id=\"pgc-24-4-0\"  class=\"panel-grid-cell\" ><div id=\"panel-24-4-0-0\" class=\"widget_text so-panel widget widget_custom_html panel-first-child panel-last-child\" data-index=\"6\" ><div class=\"textwidget custom-html-widget\"><hr>\n<p style=\"box-sizing: border-box; border: 0px; font-family: Ruda; font-size: 14px; font-style: normal; font-weight: 400; margin: 0px 0px 30px; outline: 0px; padding: 0px; vertical-align: baseline; word-break: break-word; color: rgb(96, 96, 96); font-variant-ligatures: normal; font-variant-caps: normal; letter-spacing: normal; orphans: 2; text-align: start; text-indent: 0px; text-transform: none; white-space: normal; widows: 2; word-spacing: 0px; -webkit-text-stroke-width: 0px; background-color: rgb(255, 255, 255); text-decoration-style: initial; text-decoration-color: initial;\">\n<strong style=\"box-sizing: border-box; border: 0px; font-family: inherit; font-size: 14px; font-style: inherit; font-weight: bold; margin: 0px; outline: 0px; padding: 0px; vertical-align: baseline; word-break: break-word;\">\nBankverbindungen f\u00fcr Spenden:<\/strong><\/p>\n<p style=\"box-sizing: border-box; border: 0px; font-family: Ruda; font-size: 14px; font-style: normal; font-weight: 400; margin: 0px 0px 30px; outline: 0px; padding: 0px; vertical-align: baseline; word-break: break-word; color: rgb(96, 96, 96); font-variant-ligatures: normal; font-variant-caps: normal; letter-spacing: normal; orphans: 2; text-align: start; text-indent: 0px; text-transform: none; white-space: normal; widows: 2; word-spacing: 0px; -webkit-text-stroke-width: 0px; background-color: rgb(255, 255, 255); text-decoration-style: initial; text-decoration-color: initial;\">\n<strong style=\"box-sizing: border-box; border: 0px; font-family: inherit; font-size: 14px; font-style: inherit; font-weight: bold; margin: 0px; outline: 0px; padding: 0px; vertical-align: baseline; word-break: break-word;\">\nSparkasse Vest Recklinghausen:&nbsp;<\/strong><br style=\"box-sizing: border-box;\">\n<strong style=\"box-sizing: border-box; border: 0px; font-family: inherit; font-size: 14px; font-style: inherit; font-weight: bold; margin: 0px; outline: 0px; padding: 0px; vertical-align: baseline; word-break: break-word;\">\nEmpf\u00e4nger: Tafel Dorsten e.V.<br>IBAN: DE86 4265 0150 0079 0109 22&nbsp;&nbsp;&nbsp; BIC: WELADED1REK<\/strong><br style=\"box-sizing: border-box;\">\n<strong style=\"box-sizing: border-box; border: 0px; font-family: inherit; font-size: 14px; font-style: inherit; font-weight: bold; margin: 0px; outline: 0px; padding: 0px; vertical-align: baseline; word-break: break-word;\">\nKonto-Nr.: 790 109 22, Bankleitzahl: 426 501 50<\/strong><\/p>\n<p style=\"box-sizing: border-box; border: 0px; font-family: Ruda; font-size: 14px; font-style: normal; font-weight: 400; margin: 0px 0px 30px; outline: 0px; padding: 0px; vertical-align: baseline; word-break: break-word; color: rgb(96, 96, 96); font-variant-ligatures: normal; font-variant-caps: normal; letter-spacing: normal; orphans: 2; text-align: start; text-indent: 0px; text-transform: none; white-space: normal; widows: 2; word-spacing: 0px; -webkit-text-stroke-width: 0px; background-color: rgb(255, 255, 255); text-decoration-style: initial; text-decoration-color: initial;\">\n<strong style=\"box-sizing: border-box; border: 0px; font-family: inherit; font-size: 14px; font-style: inherit; font-weight: bold; margin: 0px; outline: 0px; padding: 0px; vertical-align: baseline; word-break: break-word;\">\nVereinte Volksbank eG:<\/strong><br style=\"box-sizing: border-box;\">\n<strong style=\"box-sizing: border-box; border: 0px; font-family: inherit; font-size: 14px; font-style: inherit; font-weight: bold; margin: 0px; outline: 0px; padding: 0px; vertical-align: baseline; word-break: break-word;\">\nEmpf\u00e4nger: Tafel Dorsten e.V.<br>IBAN: DE86 4246 1435 0937 5239 00&nbsp;&nbsp; BIC: GENODEM1KIH<\/strong><br style=\"box-sizing: border-box;\">\n<strong style=\"box-sizing: border-box; border: 0px; font-family: inherit; font-size: 14px; font-style: inherit; font-weight: bold; margin: 0px; outline: 0px; padding: 0px; vertical-align: baseline; word-break: break-word;\">\nKonto-Nr.: 937 523 900, Bankleitzahl: 424 614 35<\/strong><\/p>\n<p style=\"box-sizing: border-box; border: 0px; font-family: Ruda; font-size: 14px; font-style: normal; font-weight: 400; margin: 0px 0px 30px; outline: 0px; padding: 0px; vertical-align: baseline; word-break: break-word; color: rgb(96, 96, 96); font-variant-ligatures: normal; font-variant-caps: normal; letter-spacing: normal; orphans: 2; text-align: start; text-indent: 0px; text-transform: none; white-space: normal; widows: 2; word-spacing: 0px; -webkit-text-stroke-width: 0px; background-color: rgb(255, 255, 255); text-decoration-style: initial; text-decoration-color: initial;\">\n<strong style=\"box-sizing: border-box; border: 0px; font-family: inherit; font-size: 14px; font-style: inherit; font-weight: bold; margin: 0px; outline: 0px; padding: 0px; vertical-align: baseline; word-break: break-word;\">\nEhrenamt<\/strong><\/p>\n<p style=\"box-sizing: border-box; border: 0px; font-family: Ruda; font-size: 14px; font-style: normal; font-weight: 400; margin: 0px 0px 30px; outline: 0px; padding: 0px; vertical-align: baseline; word-break: break-word; color: rgb(96, 96, 96); font-variant-ligatures: normal; font-variant-caps: normal; letter-spacing: normal; orphans: 2; text-align: start; text-indent: 0px; text-transform: none; white-space: normal; widows: 2; word-spacing: 0px; -webkit-text-stroke-width: 0px; background-color: rgb(255, 255, 255); text-decoration-style: initial; text-decoration-color: initial;\">\nWenn Sie Interesse daran haben, uns ehrenamtlich zu unterst\u00fctzen,&nbsp;klicken Sie \nbitte&nbsp;<strong style=\"box-sizing: border-box; border: 0px; font-family: inherit; font-size: 14px; font-style: inherit; font-weight: bold; margin: 0px; outline: 0px; padding: 0px; vertical-align: baseline; word-break: break-word;\"><a style=\"box-sizing: border-box; border: 0px; font-family: inherit; font-size: 14px; font-style: inherit; font-weight: inherit; margin: 0px; outline: 0px; padding: 0px; vertical-align: baseline; word-break: break-word; color: rgb(235, 116, 11); text-decoration: none; transition: all 0.3s ease-in-out;\" href=\"http:\/\/www.dorstener-tafel.de\/?page_id=219\">hier<\/a><\/strong>, \num weitere Informationen zu erhalten.<\/p>\n<p style=\"box-sizing: border-box; border: 0px; font-family: Ruda; font-size: 14px; font-style: normal; font-weight: 400; margin: 0px 0px 30px; outline: 0px; padding: 0px; vertical-align: baseline; word-break: break-word; color: rgb(96, 96, 96); font-variant-ligatures: normal; font-variant-caps: normal; letter-spacing: normal; orphans: 2; text-align: start; text-indent: 0px; text-transform: none; white-space: normal; widows: 2; word-spacing: 0px; -webkit-text-stroke-width: 0px; background-color: rgb(255, 255, 255); text-decoration-style: initial; text-decoration-color: initial;\">\n<strong style=\"box-sizing: border-box; border: 0px; font-family: inherit; font-size: 14px; font-style: inherit; font-weight: bold; margin: 0px; outline: 0px; padding: 0px; vertical-align: baseline; word-break: break-word;\">\nMitgliedschaft<\/strong><\/p>\n<p style=\"box-sizing: border-box; border: 0px; font-family: Ruda; font-size: 14px; font-style: normal; font-weight: 400; margin: 0px 0px 30px; outline: 0px; padding: 0px; vertical-align: baseline; word-break: break-word; color: rgb(96, 96, 96); font-variant-ligatures: normal; font-variant-caps: normal; letter-spacing: normal; orphans: 2; text-align: start; text-indent: 0px; text-transform: none; white-space: normal; widows: 2; word-spacing: 0px; -webkit-text-stroke-width: 0px; background-color: rgb(255, 255, 255); text-decoration-style: initial; text-decoration-color: initial;\">\nSie k\u00f6nnen uns auch unterst\u00fctzen,&nbsp;indem Sie der Dorstener Tafel e.V. beitreten.<br style=\"box-sizing: border-box;\">\nSie k\u00f6nnen aktives Mitglied oder f\u00f6rderndes Mitglied werden.<br style=\"box-sizing: border-box;\">\nEine Beitrittserkl\u00e4rung f\u00fcr aktive Mitglieder finden Sie&nbsp;<strong style=\"box-sizing: border-box; border: 0px; font-family: inherit; font-size: 14px; font-style: inherit; font-weight: bold; margin: 0px; outline: 0px; padding: 0px; vertical-align: baseline; word-break: break-word;\"><a target=\"_blank\" rel=\"noopener\" style=\"box-sizing: border-box; border: 0px; font-family: inherit; font-size: 14px; font-style: inherit; font-weight: inherit; margin: 0px; outline: 0px; padding: 0px; vertical-align: baseline; word-break: break-word; color: rgb(235, 116, 11); text-decoration: none; transition: all 0.3s ease-in-out;\" href=\"https:\/\/www.kvg-dorsten.de\/dorstener-tafel\/Beitritt_Aktiv.pdf\">hier<\/a><\/strong>.<br style=\"box-sizing: border-box;\">\nEine Beitrittserkl\u00e4rung f\u00fcr f\u00f6rdernde Mitglieder finden Sie&nbsp;<strong style=\"box-sizing: border-box; border: 0px; font-family: inherit; font-size: 14px; font-style: inherit; font-weight: bold; margin: 0px; outline: 0px; padding: 0px; vertical-align: baseline; word-break: break-word;\"><a target=\"_blank\" rel=\"noopener\" style=\"box-sizing: border-box; border: 0px; font-family: inherit; font-size: 14px; font-style: inherit; font-weight: inherit; margin: 0px; outline: 0px; padding: 0px; vertical-align: baseline; word-break: break-word; color: rgb(235, 116, 11); text-decoration: none; transition: all 0.3s ease-in-out;\" href=\"https:\/\/www.kvg-dorsten.de\/dorstener-tafel\/Beitritt_Foerd.pdf\">hier<\/a><\/strong><\/p>\n\n<\/div><\/div><\/div><\/div><div id=\"pg-24-5\"  class=\"panel-grid panel-no-style\" ><div id=\"pgc-24-5-0\"  class=\"panel-grid-cell panel-grid-cell-empty\" ><\/div><\/div><\/div>","protected":false},"excerpt":{"rendered":"<p>Vorsitzender: Herbert Rentmeister E-Mail: herbert.rentmeister@t-online.de stellv. Vorsitzende (Kassenf\u00fchrung): Ursula Riedel stellv. Vorsitzender (Schriftf\u00fchrung): Hugo Bechter stellv. Vorsitzender (Homepage und Datenverarbeitung): [&hellip;]<\/p>\n","protected":false},"author":1,"featured_media":0,"parent":0,"menu_order":0,"comment_status":"closed","ping_status":"closed","template":"","meta":{"footnotes":""},"class_list":["post-24","page","type-page","status-publish","hentry"],"yoast_head":"<!-- This site is optimized with the Yoast SEO plugin v26.8 - https:\/\/yoast.com\/product\/yoast-seo-wordpress\/ -->\n<title>Kontakt - Home | Tafel Dorsten<\/title>\n<meta name=\"robots\" content=\"index, follow, max-snippet:-1, max-image-preview:large, max-video-preview:-1\" \/>\n<link rel=\"canonical\" href=\"https:\/\/www.dorstener-tafel.de\/?page_id=24\" \/>\n<meta property=\"og:locale\" content=\"de_DE\" \/>\n<meta property=\"og:type\" content=\"article\" \/>\n<meta property=\"og:title\" content=\"Kontakt - Home | Tafel Dorsten\" \/>\n<meta property=\"og:description\" content=\"Vorsitzender: Herbert Rentmeister E-Mail: herbert.rentmeister@t-online.de stellv. Vorsitzende (Kassenf\u00fchrung): Ursula Riedel stellv. Vorsitzender (Schriftf\u00fchrung): Hugo Bechter stellv. Vorsitzender (Homepage und Datenverarbeitung): [&hellip;]\" \/>\n<meta property=\"og:url\" content=\"https:\/\/www.dorstener-tafel.de\/?page_id=24\" \/>\n<meta property=\"og:site_name\" content=\"Home | Tafel Dorsten\" \/>\n<meta property=\"article:publisher\" content=\"https:\/\/www.facebook.com\/Dorstener-Tafel-eV-710109832448127\/\" \/>\n<meta property=\"article:modified_time\" content=\"2025-12-02T09:22:57+00:00\" \/>\n<meta name=\"twitter:card\" content=\"summary_large_image\" \/>\n<meta name=\"twitter:label1\" content=\"Gesch\u00e4tzte Lesezeit\" \/>\n\t<meta name=\"twitter:data1\" content=\"2\u00a0Minuten\" \/>\n<script type=\"application\/ld+json\" class=\"yoast-schema-graph\">{\"@context\":\"https:\/\/schema.org\",\"@graph\":[{\"@type\":\"WebPage\",\"@id\":\"https:\/\/www.dorstener-tafel.de\/?page_id=24\",\"url\":\"https:\/\/www.dorstener-tafel.de\/?page_id=24\",\"name\":\"Kontakt - Home | Tafel Dorsten\",\"isPartOf\":{\"@id\":\"https:\/\/www.dorstener-tafel.de\/#website\"},\"datePublished\":\"2015-09-15T22:06:04+00:00\",\"dateModified\":\"2025-12-02T09:22:57+00:00\",\"breadcrumb\":{\"@id\":\"https:\/\/www.dorstener-tafel.de\/?page_id=24#breadcrumb\"},\"inLanguage\":\"de\",\"potentialAction\":[{\"@type\":\"ReadAction\",\"target\":[\"https:\/\/www.dorstener-tafel.de\/?page_id=24\"]}]},{\"@type\":\"BreadcrumbList\",\"@id\":\"https:\/\/www.dorstener-tafel.de\/?page_id=24#breadcrumb\",\"itemListElement\":[{\"@type\":\"ListItem\",\"position\":1,\"name\":\"Home\",\"item\":\"https:\/\/www.dorstener-tafel.de\/\"},{\"@type\":\"ListItem\",\"position\":2,\"name\":\"Kontakt\"}]},{\"@type\":\"WebSite\",\"@id\":\"https:\/\/www.dorstener-tafel.de\/#website\",\"url\":\"https:\/\/www.dorstener-tafel.de\/\",\"name\":\"Home | Tafel Dorsten\",\"description\":\"\",\"potentialAction\":[{\"@type\":\"SearchAction\",\"target\":{\"@type\":\"EntryPoint\",\"urlTemplate\":\"https:\/\/www.dorstener-tafel.de\/?s={search_term_string}\"},\"query-input\":{\"@type\":\"PropertyValueSpecification\",\"valueRequired\":true,\"valueName\":\"search_term_string\"}}],\"inLanguage\":\"de\"}]}<\/script>\n<!-- \/ Yoast SEO plugin. -->","yoast_head_json":{"title":"Kontakt - Home | Tafel Dorsten","robots":{"index":"index","follow":"follow","max-snippet":"max-snippet:-1","max-image-preview":"max-image-preview:large","max-video-preview":"max-video-preview:-1"},"canonical":"https:\/\/www.dorstener-tafel.de\/?page_id=24","og_locale":"de_DE","og_type":"article","og_title":"Kontakt - Home | Tafel Dorsten","og_description":"Vorsitzender: Herbert Rentmeister E-Mail: herbert.rentmeister@t-online.de stellv. Vorsitzende (Kassenf\u00fchrung): Ursula Riedel stellv. Vorsitzender (Schriftf\u00fchrung): Hugo Bechter stellv. Vorsitzender (Homepage und Datenverarbeitung): [&hellip;]","og_url":"https:\/\/www.dorstener-tafel.de\/?page_id=24","og_site_name":"Home | Tafel Dorsten","article_publisher":"https:\/\/www.facebook.com\/Dorstener-Tafel-eV-710109832448127\/","article_modified_time":"2025-12-02T09:22:57+00:00","twitter_card":"summary_large_image","twitter_misc":{"Gesch\u00e4tzte Lesezeit":"2\u00a0Minuten"},"schema":{"@context":"https:\/\/schema.org","@graph":[{"@type":"WebPage","@id":"https:\/\/www.dorstener-tafel.de\/?page_id=24","url":"https:\/\/www.dorstener-tafel.de\/?page_id=24","name":"Kontakt - Home | Tafel Dorsten","isPartOf":{"@id":"https:\/\/www.dorstener-tafel.de\/#website"},"datePublished":"2015-09-15T22:06:04+00:00","dateModified":"2025-12-02T09:22:57+00:00","breadcrumb":{"@id":"https:\/\/www.dorstener-tafel.de\/?page_id=24#breadcrumb"},"inLanguage":"de","potentialAction":[{"@type":"ReadAction","target":["https:\/\/www.dorstener-tafel.de\/?page_id=24"]}]},{"@type":"BreadcrumbList","@id":"https:\/\/www.dorstener-tafel.de\/?page_id=24#breadcrumb","itemListElement":[{"@type":"ListItem","position":1,"name":"Home","item":"https:\/\/www.dorstener-tafel.de\/"},{"@type":"ListItem","position":2,"name":"Kontakt"}]},{"@type":"WebSite","@id":"https:\/\/www.dorstener-tafel.de\/#website","url":"https:\/\/www.dorstener-tafel.de\/","name":"Home | Tafel Dorsten","description":"","potentialAction":[{"@type":"SearchAction","target":{"@type":"EntryPoint","urlTemplate":"https:\/\/www.dorstener-tafel.de\/?s={search_term_string}"},"query-input":{"@type":"PropertyValueSpecification","valueRequired":true,"valueName":"search_term_string"}}],"inLanguage":"de"}]}},"_links":{"self":[{"href":"https:\/\/www.dorstener-tafel.de\/index.php?rest_route=\/wp\/v2\/pages\/24","targetHints":{"allow":["GET"]}}],"collection":[{"href":"https:\/\/www.dorstener-tafel.de\/index.php?rest_route=\/wp\/v2\/pages"}],"about":[{"href":"https:\/\/www.dorstener-tafel.de\/index.php?rest_route=\/wp\/v2\/types\/page"}],"author":[{"embeddable":true,"href":"https:\/\/www.dorstener-tafel.de\/index.php?rest_route=\/wp\/v2\/users\/1"}],"replies":[{"embeddable":true,"href":"https:\/\/www.dorstener-tafel.de\/index.php?rest_route=%2Fwp%2Fv2%2Fcomments&post=24"}],"version-history":[{"count":187,"href":"https:\/\/www.dorstener-tafel.de\/index.php?rest_route=\/wp\/v2\/pages\/24\/revisions"}],"predecessor-version":[{"id":2590,"href":"https:\/\/www.dorstener-tafel.de\/index.php?rest_route=\/wp\/v2\/pages\/24\/revisions\/2590"}],"wp:attachment":[{"href":"https:\/\/www.dorstener-tafel.de\/index.php?rest_route=%2Fwp%2Fv2%2Fmedia&parent=24"}],"curies":[{"name":"wp","href":"https:\/\/api.w.org\/{rel}","templated":true}]}}