{"id":219,"date":"2015-09-21T02:21:04","date_gmt":"2015-09-21T00:21:04","guid":{"rendered":"http:\/\/www.kvg-dorsten.de\/dorstener-tafel\/wordpress\/?page_id=219"},"modified":"2024-12-16T13:06:34","modified_gmt":"2024-12-16T12:06:34","slug":"ehrenamt","status":"publish","type":"page","link":"https:\/\/www.dorstener-tafel.de\/?page_id=219","title":{"rendered":"Ehrenamt"},"content":{"rendered":"<p><strong>Wir sind Ehrenamt!<br \/>\n<\/strong><\/p>\n<p>Die Dorstener Tafel arbeitet rein ehrenamtlich, das hei\u00dft, es entstehen neben den notwendigen Verwaltungskosten (Mieten, Versicherungen, Kfz-Kosten, Neuanschaffungen, Renovierungen etc.) keinerlei Personalkosten: alle Sach-, Lebensmittel- und Geldspenden kommen zu 100 % unseren Kunden zugute.<\/p>\n<p><a href=\"http:\/\/www.kvg-dorsten.de\/dorstener-tafel\/wordpress\/wp-content\/uploads\/2017\/01\/cropped-Logo-neu-003-Obst-Gem\u00fcse.png\"><img loading=\"lazy\" decoding=\"async\" class=\"alignnone size-large wp-image-883\" src=\"http:\/\/www.kvg-dorsten.de\/dorstener-tafel\/wordpress\/wp-content\/uploads\/2017\/01\/cropped-Logo-neu-003-Obst-Gem\u00fcse-1024x257.png\" alt=\"\" width=\"474\" height=\"119\" srcset=\"https:\/\/www.kvg-dorsten.de\/dorstener-tafel\/wordpress\/wp-content\/uploads\/2017\/01\/cropped-Logo-neu-003-Obst-Gem\u00fcse-1024x257.png 1024w, https:\/\/www.kvg-dorsten.de\/dorstener-tafel\/wordpress\/wp-content\/uploads\/2017\/01\/cropped-Logo-neu-003-Obst-Gem\u00fcse-300x75.png 300w, https:\/\/www.kvg-dorsten.de\/dorstener-tafel\/wordpress\/wp-content\/uploads\/2017\/01\/cropped-Logo-neu-003-Obst-Gem\u00fcse-768x193.png 768w, https:\/\/www.kvg-dorsten.de\/dorstener-tafel\/wordpress\/wp-content\/uploads\/2017\/01\/cropped-Logo-neu-003-Obst-Gem\u00fcse.png 1260w\" sizes=\"auto, (max-width: 474px) 100vw, 474px\" \/><\/a><\/p>\n<p>Derzeitig arbeiten ca. 7<strong>0 Mitarbeiterinnen und Mitarbeiter &#8211; allesamt ehrenamtlich &#8211;<\/strong> f\u00fcr die Tafel im Einsammeln, \u00a0Sortieren und Aufbereiten der Lebensmittel, im Verkauf im Dorstener Laden und im Kinderladen Kunterbunt, beim Kochen f\u00fcr den Mittagstisch Altstadt, in der Hygienekontrolle, der Verwaltung, als Hausmeister &#8230;<\/p>\n<p><a href=\"http:\/\/www.kvg-dorsten.de\/dorstener-tafel\/wordpress\/wp-content\/uploads\/2018\/01\/verstaerkung-mit-logo.jpg\"><img loading=\"lazy\" decoding=\"async\" class=\"alignnone wp-image-1163 size-full\" src=\"http:\/\/www.kvg-dorsten.de\/dorstener-tafel\/wordpress\/wp-content\/uploads\/2018\/01\/verstaerkung-mit-logo.jpg\" alt=\"\" width=\"667\" height=\"290\" srcset=\"https:\/\/www.kvg-dorsten.de\/dorstener-tafel\/wordpress\/wp-content\/uploads\/2018\/01\/verstaerkung-mit-logo.jpg 667w, https:\/\/www.kvg-dorsten.de\/dorstener-tafel\/wordpress\/wp-content\/uploads\/2018\/01\/verstaerkung-mit-logo-300x130.jpg 300w\" sizes=\"auto, (max-width: 667px) 100vw, 667px\" \/><\/a><\/p>\n<p><strong>Trotzdem:<\/strong><br \/>\n<strong>Wir brauchen mehr Unterst\u00fctzung!<\/strong><\/p>\n<p>Sie haben Interesse, uns zu unterst\u00fctzen<br \/>\n&#8211; mit einer Geldspende<br \/>\n&#8211; oder als Mitarbeiterin\/Mitarbeiter?<br \/>\nWir suchen immer\u00a0ehrenamtliche Kr\u00e4fte.<br \/>\nRufen Sie doch einfach mal an oder kommen Sie in einen der L\u00e4den.<br \/>\nAuch wenn es nur f\u00fcr ein paar Stunden pro Woche ist: Jede Hilfe z\u00e4hlt!<\/p>\n<p><u>Kontakt und Information:<\/u><br \/>\nDorstener Laden:<br \/>\nTel.: 0 23 62\/ 99 89 430<\/p>\n<p>Mittagstisch in der Altstadt<br \/>\nEvangelisches Gemeindehaus<br \/>\nS\u00fcdwall 5<br \/>\n46282 Dorsten<br \/>\nFrau Ingrid Winkel<br \/>\nTelefon: 02362 \/ 2 46 98<\/p>\n<p><strong>E-Mail:<\/strong><strong> <a href=\"mailto:post@dorstener-tafel.de\">post@dorstener-tafel.de<\/a><\/strong><\/p>\n<p>oder \u00fcber dieses Formular:<\/p>\n<p class=\"wpcf7-contact-form-not-found\"><strong>Fehler:<\/strong> Kontaktformular wurde nicht gefunden.<\/p>\n<p><strong>Bankverbindungen f\u00fcr Spenden:<\/strong><\/p>\n<p>Sparkasse Vest Recklinghausen:<br \/>\nIBAN: DE86 4265 0150 0079 0109 22<br \/>\nBIC: WELADED1REK<br \/>\nKonto-Nr.: 790 109 22<br \/>\nBankleitzahl: 426 501 50<\/p>\n<p>Vereinte Volksbank:<br \/>\nIBAN: DE86 4246 1435 0937 5239 00<br \/>\nBIC: GENODEM1KIH<br \/>\nKonto-Nr.: 937 523 900<br \/>\nBankleitzahl: 424 614 35<\/p>\n<p>Auf Wunsch stellen wir Ihnen eine Spendenquittung aus.<br \/>\nDazu hinterlassen Sie bitte im \u00dcberweisungstext Ihre Adresse. Sie k\u00f6nnen sich auch per E-Mail an uns oder direkt an unsere Schatzmeisterin Frau Riedel unter der Tel.-Nr.: 02369\/ 22742 wenden.<\/p>\n<p>Sie k\u00f6nnen uns auch unterst\u00fctzen, indem Sie der Tafel Dorsten beitreten.<br \/>\nEine Beitrittserkl\u00e4rung f\u00fcr aktive Mitglieder finden Sie <strong><a href=\"https:\/\/www.kvg-dorsten.de\/dorstener-tafel\/Beitritt_Aktiv.pdf\">hier<\/a><\/strong>.<br \/>\nEine Beitrittserkl\u00e4rung f\u00fcr F\u00f6rdermitglieder finden Sie <strong><a href=\"https:\/\/www.kvg-dorsten.de\/dorstener-tafel\/Beitritt_Foerd.pdf\">hier<\/a><\/strong>.<\/p>\n","protected":false},"excerpt":{"rendered":"<p>Wir sind Ehrenamt! Die Dorstener Tafel arbeitet rein ehrenamtlich, das hei\u00dft, es entstehen neben den notwendigen Verwaltungskosten (Mieten, Versicherungen, Kfz-Kosten, [&hellip;]<\/p>\n","protected":false},"author":1,"featured_media":0,"parent":0,"menu_order":0,"comment_status":"closed","ping_status":"closed","template":"","meta":{"footnotes":""},"class_list":["post-219","page","type-page","status-publish","hentry"],"yoast_head":"<!-- This site is optimized with the Yoast SEO plugin v26.8 - https:\/\/yoast.com\/product\/yoast-seo-wordpress\/ -->\n<title>Ehrenamt - Home | Tafel Dorsten<\/title>\n<meta name=\"robots\" content=\"index, follow, max-snippet:-1, max-image-preview:large, max-video-preview:-1\" \/>\n<link rel=\"canonical\" href=\"https:\/\/www.dorstener-tafel.de\/?page_id=219\" \/>\n<meta property=\"og:locale\" content=\"de_DE\" \/>\n<meta property=\"og:type\" content=\"article\" \/>\n<meta property=\"og:title\" content=\"Ehrenamt - Home | Tafel Dorsten\" \/>\n<meta property=\"og:description\" content=\"Wir sind Ehrenamt! Die Dorstener Tafel arbeitet rein ehrenamtlich, das hei\u00dft, es entstehen neben den notwendigen Verwaltungskosten (Mieten, Versicherungen, Kfz-Kosten, [&hellip;]\" \/>\n<meta property=\"og:url\" content=\"https:\/\/www.dorstener-tafel.de\/?page_id=219\" \/>\n<meta property=\"og:site_name\" content=\"Home | Tafel Dorsten\" \/>\n<meta property=\"article:publisher\" content=\"https:\/\/www.facebook.com\/Dorstener-Tafel-eV-710109832448127\/\" \/>\n<meta property=\"article:modified_time\" content=\"2024-12-16T12:06:34+00:00\" \/>\n<meta property=\"og:image\" content=\"http:\/\/www.kvg-dorsten.de\/dorstener-tafel\/wordpress\/wp-content\/uploads\/2018\/01\/verstaerkung-mit-logo.jpg\" \/>\n<meta name=\"twitter:card\" content=\"summary_large_image\" \/>\n<meta name=\"twitter:label1\" content=\"Gesch\u00e4tzte Lesezeit\" \/>\n\t<meta name=\"twitter:data1\" content=\"2\u00a0Minuten\" \/>\n<script type=\"application\/ld+json\" class=\"yoast-schema-graph\">{\"@context\":\"https:\/\/schema.org\",\"@graph\":[{\"@type\":\"WebPage\",\"@id\":\"https:\/\/www.dorstener-tafel.de\/?page_id=219\",\"url\":\"https:\/\/www.dorstener-tafel.de\/?page_id=219\",\"name\":\"Ehrenamt - Home | Tafel Dorsten\",\"isPartOf\":{\"@id\":\"https:\/\/www.dorstener-tafel.de\/#website\"},\"primaryImageOfPage\":{\"@id\":\"https:\/\/www.dorstener-tafel.de\/?page_id=219#primaryimage\"},\"image\":{\"@id\":\"https:\/\/www.dorstener-tafel.de\/?page_id=219#primaryimage\"},\"thumbnailUrl\":\"http:\/\/www.kvg-dorsten.de\/dorstener-tafel\/wordpress\/wp-content\/uploads\/2018\/01\/verstaerkung-mit-logo.jpg\",\"datePublished\":\"2015-09-21T00:21:04+00:00\",\"dateModified\":\"2024-12-16T12:06:34+00:00\",\"breadcrumb\":{\"@id\":\"https:\/\/www.dorstener-tafel.de\/?page_id=219#breadcrumb\"},\"inLanguage\":\"de\",\"potentialAction\":[{\"@type\":\"ReadAction\",\"target\":[\"https:\/\/www.dorstener-tafel.de\/?page_id=219\"]}]},{\"@type\":\"ImageObject\",\"inLanguage\":\"de\",\"@id\":\"https:\/\/www.dorstener-tafel.de\/?page_id=219#primaryimage\",\"url\":\"http:\/\/www.kvg-dorsten.de\/dorstener-tafel\/wordpress\/wp-content\/uploads\/2018\/01\/verstaerkung-mit-logo.jpg\",\"contentUrl\":\"http:\/\/www.kvg-dorsten.de\/dorstener-tafel\/wordpress\/wp-content\/uploads\/2018\/01\/verstaerkung-mit-logo.jpg\"},{\"@type\":\"BreadcrumbList\",\"@id\":\"https:\/\/www.dorstener-tafel.de\/?page_id=219#breadcrumb\",\"itemListElement\":[{\"@type\":\"ListItem\",\"position\":1,\"name\":\"Home\",\"item\":\"https:\/\/www.dorstener-tafel.de\/\"},{\"@type\":\"ListItem\",\"position\":2,\"name\":\"Ehrenamt\"}]},{\"@type\":\"WebSite\",\"@id\":\"https:\/\/www.dorstener-tafel.de\/#website\",\"url\":\"https:\/\/www.dorstener-tafel.de\/\",\"name\":\"Home | Tafel Dorsten\",\"description\":\"\",\"potentialAction\":[{\"@type\":\"SearchAction\",\"target\":{\"@type\":\"EntryPoint\",\"urlTemplate\":\"https:\/\/www.dorstener-tafel.de\/?s={search_term_string}\"},\"query-input\":{\"@type\":\"PropertyValueSpecification\",\"valueRequired\":true,\"valueName\":\"search_term_string\"}}],\"inLanguage\":\"de\"}]}<\/script>\n<!-- \/ Yoast SEO plugin. -->","yoast_head_json":{"title":"Ehrenamt - Home | Tafel Dorsten","robots":{"index":"index","follow":"follow","max-snippet":"max-snippet:-1","max-image-preview":"max-image-preview:large","max-video-preview":"max-video-preview:-1"},"canonical":"https:\/\/www.dorstener-tafel.de\/?page_id=219","og_locale":"de_DE","og_type":"article","og_title":"Ehrenamt - Home | Tafel Dorsten","og_description":"Wir sind Ehrenamt! Die Dorstener Tafel arbeitet rein ehrenamtlich, das hei\u00dft, es entstehen neben den notwendigen Verwaltungskosten (Mieten, Versicherungen, Kfz-Kosten, [&hellip;]","og_url":"https:\/\/www.dorstener-tafel.de\/?page_id=219","og_site_name":"Home | Tafel Dorsten","article_publisher":"https:\/\/www.facebook.com\/Dorstener-Tafel-eV-710109832448127\/","article_modified_time":"2024-12-16T12:06:34+00:00","og_image":[{"url":"http:\/\/www.kvg-dorsten.de\/dorstener-tafel\/wordpress\/wp-content\/uploads\/2018\/01\/verstaerkung-mit-logo.jpg","type":"","width":"","height":""}],"twitter_card":"summary_large_image","twitter_misc":{"Gesch\u00e4tzte Lesezeit":"2\u00a0Minuten"},"schema":{"@context":"https:\/\/schema.org","@graph":[{"@type":"WebPage","@id":"https:\/\/www.dorstener-tafel.de\/?page_id=219","url":"https:\/\/www.dorstener-tafel.de\/?page_id=219","name":"Ehrenamt - Home | Tafel Dorsten","isPartOf":{"@id":"https:\/\/www.dorstener-tafel.de\/#website"},"primaryImageOfPage":{"@id":"https:\/\/www.dorstener-tafel.de\/?page_id=219#primaryimage"},"image":{"@id":"https:\/\/www.dorstener-tafel.de\/?page_id=219#primaryimage"},"thumbnailUrl":"http:\/\/www.kvg-dorsten.de\/dorstener-tafel\/wordpress\/wp-content\/uploads\/2018\/01\/verstaerkung-mit-logo.jpg","datePublished":"2015-09-21T00:21:04+00:00","dateModified":"2024-12-16T12:06:34+00:00","breadcrumb":{"@id":"https:\/\/www.dorstener-tafel.de\/?page_id=219#breadcrumb"},"inLanguage":"de","potentialAction":[{"@type":"ReadAction","target":["https:\/\/www.dorstener-tafel.de\/?page_id=219"]}]},{"@type":"ImageObject","inLanguage":"de","@id":"https:\/\/www.dorstener-tafel.de\/?page_id=219#primaryimage","url":"http:\/\/www.kvg-dorsten.de\/dorstener-tafel\/wordpress\/wp-content\/uploads\/2018\/01\/verstaerkung-mit-logo.jpg","contentUrl":"http:\/\/www.kvg-dorsten.de\/dorstener-tafel\/wordpress\/wp-content\/uploads\/2018\/01\/verstaerkung-mit-logo.jpg"},{"@type":"BreadcrumbList","@id":"https:\/\/www.dorstener-tafel.de\/?page_id=219#breadcrumb","itemListElement":[{"@type":"ListItem","position":1,"name":"Home","item":"https:\/\/www.dorstener-tafel.de\/"},{"@type":"ListItem","position":2,"name":"Ehrenamt"}]},{"@type":"WebSite","@id":"https:\/\/www.dorstener-tafel.de\/#website","url":"https:\/\/www.dorstener-tafel.de\/","name":"Home | Tafel Dorsten","description":"","potentialAction":[{"@type":"SearchAction","target":{"@type":"EntryPoint","urlTemplate":"https:\/\/www.dorstener-tafel.de\/?s={search_term_string}"},"query-input":{"@type":"PropertyValueSpecification","valueRequired":true,"valueName":"search_term_string"}}],"inLanguage":"de"}]}},"_links":{"self":[{"href":"https:\/\/www.dorstener-tafel.de\/index.php?rest_route=\/wp\/v2\/pages\/219","targetHints":{"allow":["GET"]}}],"collection":[{"href":"https:\/\/www.dorstener-tafel.de\/index.php?rest_route=\/wp\/v2\/pages"}],"about":[{"href":"https:\/\/www.dorstener-tafel.de\/index.php?rest_route=\/wp\/v2\/types\/page"}],"author":[{"embeddable":true,"href":"https:\/\/www.dorstener-tafel.de\/index.php?rest_route=\/wp\/v2\/users\/1"}],"replies":[{"embeddable":true,"href":"https:\/\/www.dorstener-tafel.de\/index.php?rest_route=%2Fwp%2Fv2%2Fcomments&post=219"}],"version-history":[{"count":23,"href":"https:\/\/www.dorstener-tafel.de\/index.php?rest_route=\/wp\/v2\/pages\/219\/revisions"}],"predecessor-version":[{"id":2646,"href":"https:\/\/www.dorstener-tafel.de\/index.php?rest_route=\/wp\/v2\/pages\/219\/revisions\/2646"}],"wp:attachment":[{"href":"https:\/\/www.dorstener-tafel.de\/index.php?rest_route=%2Fwp%2Fv2%2Fmedia&parent=219"}],"curies":[{"name":"wp","href":"https:\/\/api.w.org\/{rel}","templated":true}]}}